{"id":344093,"date":"2025-11-07T09:17:29","date_gmt":"2025-11-07T09:17:29","guid":{"rendered":"https:\/\/addekor.no\/index.php\/disclaimer\/"},"modified":"2025-11-07T09:17:29","modified_gmt":"2025-11-07T09:17:29","slug":"disclaimer","status":"publish","type":"page","link":"https:\/\/addekor.no\/index.php\/disclaimer\/","title":{"rendered":"Disclaimer"},"content":{"rendered":"\n<!-- Legal document generated by Complianz | GDPR\/CCPA Cookie Consent https:\/\/wordpress.org\/plugins\/complianz-gdpr -->\n<div id=\"cmplz-document\" class=\"cmplz-document disclaimer cmplz-document-all\"><p>Ad Dekor AS er forpliktet til \u00e5 holde dette nettstedet oppdatert og med korrekt informasjon. Skulle du likevel oppleve noe som ikke er korrekt eller utdatert, vil vi bli takknemlige dersom du varsler oss om dette. Vennligt oppgi hvor p\u00e5 nettstedet du fant dette. Vi vil da tak tak i dette snarest. Vennligst send din respons via e-post til: <span class=\"cmplz-obfuscate\">&#102;&#105;&#114;m&#097;&#112;&#111;&#115;t@<span class=\"cmplz-fmail-domain\">&#101;&#120;.com<\/span>add&#101;&#107;or&#046;&#110;&#111;<\/span>.<\/p><p>Vi er ikke ansvarlige for tap som f\u00f8lge av un\u00f8yaktigheter eller ufullstendighet, og heller ikke for tap som f\u00f8lge av problemer for\u00e5rsaket av eller forbundet med spredning av informasjon over Internett, for eksempel forstyrrelser eller avbrudd. Ved bruk av nettskjemaer tilstreber vi \u00e5 begrense antall obligatoriske felt til et minimum. For tap som f\u00f8lge av bruk av data, r\u00e5d eller ideer levert av eller p\u00e5 vegne av Ad Dekor AS via denne nettsiden,  Ad Dekor AS aksepteres intet ansvar.<\/p><p>Alle immaterielle rettigheter til innhold p\u00e5 dette nettstedet er innhentet Ad Dekor AS eller tilh\u00f8rer tredjeparter som har plassert innholdet selv eller fra den som Ad Dekor AS har f\u00e5tt en brukerlisens.<\/p><p>Kopiering, spredning eller en hvilken som helst annen bruk av materiale er ikke tillatt uten skriftlig tillatelse fra Ad Dekor AS, unntatt, og bare i det omfang som ellers er fastsatt ved bestemmelser i lov og forskrifter (slik som retten til \u00e5 sitere), med mindre det aktuelle innholdet har bestemmelser om noe annet.<\/p><p>Dersom du har sp\u00f8rsm\u00e5l eller problemer med tilgjengeligheten p\u00e5 dette nettstedet, vennligst kontakt oss.<\/p><\/div>","protected":false},"excerpt":{"rendered":"","protected":false},"author":1,"featured_media":0,"parent":0,"menu_order":0,"comment_status":"closed","ping_status":"closed","template":"","meta":{"_et_pb_use_builder":"","_et_pb_old_content":"","_et_gb_content_width":"","footnotes":""},"class_list":["post-344093","page","type-page","status-publish","hentry"],"_links":{"self":[{"href":"https:\/\/addekor.no\/index.php\/wp-json\/wp\/v2\/pages\/344093","targetHints":{"allow":["GET"]}}],"collection":[{"href":"https:\/\/addekor.no\/index.php\/wp-json\/wp\/v2\/pages"}],"about":[{"href":"https:\/\/addekor.no\/index.php\/wp-json\/wp\/v2\/types\/page"}],"author":[{"embeddable":true,"href":"https:\/\/addekor.no\/index.php\/wp-json\/wp\/v2\/users\/1"}],"replies":[{"embeddable":true,"href":"https:\/\/addekor.no\/index.php\/wp-json\/wp\/v2\/comments?post=344093"}],"version-history":[{"count":0,"href":"https:\/\/addekor.no\/index.php\/wp-json\/wp\/v2\/pages\/344093\/revisions"}],"wp:attachment":[{"href":"https:\/\/addekor.no\/index.php\/wp-json\/wp\/v2\/media?parent=344093"}],"curies":[{"name":"wp","href":"https:\/\/api.w.org\/{rel}","templated":true}]}}